{"id":277,"date":"2022-02-21T13:08:14","date_gmt":"2022-02-21T12:08:14","guid":{"rendered":"https:\/\/topevent.sk\/top-event\/"},"modified":"2024-03-15T18:50:52","modified_gmt":"2024-03-15T17:50:52","slug":"top-event","status":"publish","type":"page","link":"https:\/\/topevent.sk\/de\/","title":{"rendered":"TOP EVENT"},"content":{"rendered":"\t\t<div data-elementor-type=\"wp-page\" data-elementor-id=\"277\" class=\"elementor elementor-277 elementor-9\">\n\t\t\t\t\t\t\t\t\t<section class=\"elementor-section elementor-top-section elementor-element elementor-element-7abc914 elementor-section-boxed elementor-section-height-default elementor-section-height-default\" data-id=\"7abc914\" data-element_type=\"section\">\n\t\t\t\t\t\t<div class=\"elementor-container elementor-column-gap-no\">\n\t\t\t\t\t<div class=\"elementor-column elementor-col-100 elementor-top-column elementor-element elementor-element-9dc4640\" data-id=\"9dc4640\" data-element_type=\"column\">\n\t\t\t<div class=\"elementor-widget-wrap elementor-element-populated\">\n\t\t\t\t\t\t\t\t<div class=\"elementor-element elementor-element-53e0e54 elementor-widget elementor-widget-shortcode\" data-id=\"53e0e54\" data-element_type=\"widget\" data-widget_type=\"shortcode.default\">\n\t\t\t\t<div class=\"elementor-widget-container\">\n\t\t\t\t\t<div class=\"elementor-shortcode\"><div class=\"_df_book df-lite\" id=\"df_273\"  data-title=\"katalog-de\" _slug=\"katalog-de\" wpoptions=\"true\" thumbtype=\"bg\" ><p class=\"df-raw-loading\">Please wait while flipbook is loading. For more related info, FAQs and issues please refer to <a href=\"https:\/\/wordpress.org\/plugins\/3d-flipbook-dflip-lite\/#installation\">DearFlip WordPress Flipbook Plugin Help<\/a> documentation.<\/p><\/div><script class=\"df-shortcode-script\" type=\"application\/javascript\">window.option_df_273 = {\"outline\":[],\"backgroundColor\":\"#ffffff\",\"forceFit\":\"true\",\"autoEnableOutline\":\"false\",\"autoEnableThumbnail\":\"false\",\"overwritePDFOutline\":\"false\",\"direction\":\"1\",\"pageSize\":\"0\",\"source\":\"https:\\\/\\\/topevent.sk\\\/wp-content\\\/uploads\\\/2022\\\/07\\\/topevent-de.pdf\",\"wpOptions\":\"true\"}; if(window.DFLIP && window.DFLIP.parseBooks){window.DFLIP.parseBooks();}<\/script><\/div>\n\t\t\t\t<\/div>\n\t\t\t\t<\/div>\n\t\t\t\t<div class=\"elementor-element elementor-element-8c80a1c elementor-widget elementor-widget-text-editor\" data-id=\"8c80a1c\" data-element_type=\"widget\" data-widget_type=\"text-editor.default\">\n\t\t\t\t<div class=\"elementor-widget-container\">\n\t\t\t<style>\/*! elementor - v3.6.7 - 03-07-2022 *\/\n.elementor-widget-text-editor.elementor-drop-cap-view-stacked .elementor-drop-cap{background-color:#818a91;color:#fff}.elementor-widget-text-editor.elementor-drop-cap-view-framed .elementor-drop-cap{color:#818a91;border:3px solid;background-color:transparent}.elementor-widget-text-editor:not(.elementor-drop-cap-view-default) .elementor-drop-cap{margin-top:8px}.elementor-widget-text-editor:not(.elementor-drop-cap-view-default) .elementor-drop-cap-letter{width:1em;height:1em}.elementor-widget-text-editor .elementor-drop-cap{float:left;text-align:center;line-height:1;font-size:50px}.elementor-widget-text-editor .elementor-drop-cap-letter{display:inline-block}<\/style>\t\t\t\tEventbeschallung, Weltraumbeschallung, Stadttagbeschallung, Firmeneventbeschallung, Marathonbeschallung, Sporteventbeschallung, Konferenzbeschallung, Sprachbeschallung, Konzertbeschallung, Au\u00dfenbeschallung, Innenbeschallung, Spielplatzbeschallung System\r\nSoundsystem der Sporthalle, Soundsystem des Festivals\r\nSoundsystem des Platzes\r\nEvent-Soundsystem\r\nSoundsystem Ko\u0161ice\r\nSoundsystem Pre\u0161ov\r\nSoundsystem Michalovce Soundsystem Humenn\u00e9\r\nSoundsystem Ostslowakei Soundsystem Slowakei\r\nSoundsystemverleih, Tontechnikerverleih, leistungsstarkes Soundsystem, professionelles Soundsystem, Tontechniker\r\nStrahler, JBL Line-Array-Lautsprecher\r\nKrone\r\nShure\r\nSennheiser\r\nAKG\r\nMischpult\r\nSoundpult\r\nVermietung von Mikrofonen Vermietung von Lautsprechern Vermietung von Ger\u00e4ten Tontechnik audiovisuelle Technik TV-Technik\r\nKlangtechnik\r\nVermietung von professionellem Tonequipment Vermietung von Beleuchtungsger\u00e4ten Smart Lights Beleuchtungsveranstaltungen\r\nHochzeitsbeleuchtung\r\nKonzertbeleuchtung\r\nVermietung von Lampen\r\nGeb\u00e4udebeleuchtung\r\nRaumbeleuchtung\r\nFestivalbeleuchtung\r\nLED-Beleuchtung\r\nLichteffekte\r\nfarbige Beleuchtung\r\nfarbige Lichter\r\nStelle\r\nWaschen\r\n\r\n Strahl\r\nLicht zu vermieten\r\nTon zu vermieten\r\nVermietung\r\nMiete\r\nB\u00fchne\r\nB\u00fchne\r\n\u00dcberdachung\r\nKonstruktion\r\nB\u00fchnenbau\r\nB\u00fchnenmiete\r\nB\u00fchne zu vermieten\r\nB\u00fchnenbau\r\nKonzertb\u00fchne\r\nStufe nivtec\r\nNivtek-B\u00fchne\r\nmodulare Stufe\r\nSicht zu vermieten\r\nTrib\u00fcne zu vermieten\r\nB\u00fchne zu vermieten\r\n\u00dcberdachte B\u00fchne\r\nPartyzelt\r\nPartyzelte\r\nZeltverleih\r\nAusr\u00fcstungsverleih\r\nTAF\r\nAlur\r\nLumex\r\nVideoprojektionen\r\nVideoprojektion\r\nVideotechnik\r\nBearbeitungsrichtung\r\nProjektion\r\nBeamer\r\nLED Bildschirm\r\nLED-Bildschirme\r\nOnline-\u00dcbertragung\r\ngro\u00dfer Bildschirm\r\nKamera\u00fcbertragung\r\nKamera aufnehmen\r\nTrittbarrieren\r\nKonferenz- und Dolmetschertechnik, Kabelverleih\r\nVermietung von Kraftwerken\r\nVermietung von Schalttafeln\r\nEinbau von Technik\r\nTonmontage\r\nKlang zum Handeln\r\nSoundsystem f\u00fcr Veranstaltungen\r\nkomplette Sicherheit der Veranstaltung, technische Sicherheit\r\nTechnologielieferant\r\nprofessionelle Lautsprecher professionelle Beleuchtung professionelles Licht\r\nprofessioneller DJ\r\nprofessioneller DJ-Techniker\r\nprofessioneller DJ-Sound\r\nDJ-Soundsystem\r\nDJ-Technik\r\n\r\n DJ-Beleuchtung\r\nKlang\r\nprofessionelle Soundsystem-Tontechnik\r\nprofessionelle Weihnachtsbeleuchtung professionelle LED-Beleuchtung\r\nTheaterauff\u00fchrung\r\nTheaterbeleuchtung\r\nTheaterklang\r\nTrib\u00fcne zu vermieten\r\nTrib\u00fcne f\u00fcr das Fest\r\nTrib\u00fcne f\u00fcr ein Konzert\r\nTrib\u00fcne am Tag der Stadt\r\nTrib\u00fcne f\u00fcr die Messe\r\nBeleuchtung von Geb\u00e4uden\r\nGeb\u00e4udebeleuchtung\r\nBeleuchtung von Geb\u00e4uden\r\nGeb\u00e4udebeleuchtung\r\nSoundsystem des Festivals\r\nKlangfest\r\nFestival-Soundsystem\r\nko\u0161ice-fest\r\nSoundsystem Ostslowakei Soundsystem Slowakei\r\nSoundsystem Ko\u0161ice Umgebung\r\nLED Bildschirm\r\nLED Bildschirm\r\nEiswand\r\nEisw\u00e4nde\r\nProfessioneller LED-Bildschirm\r\nPro-LED-Bildschirm\r\nProfessionelle LED-Wand\r\nProfessionelle LED-W\u00e4nde\r\nprofessionelle LED-Bildschirme professionelle LED-Bildschirme professionelle LED-Wand professionelle LED-W\u00e4nde\r\nprofessionelle Projektionen\r\nprofessionelle Projektion\r\nprofessionelle projektionen professionelle projektion\r\nVideo-Mapping\r\nprofessionelles Video\r\nprofessionelles Video\r\nLed-Bildschirme f\u00fcr das Konzert\r\nLED-Leinwand f\u00fcr Konzertprojektion\r\nVideoprojektion\r\nProjektionsplatten\r\nProjektionsplatte\r\nKonzerttechnik\r\nKonzert Soundsystem\t\t\t\t\t\t<\/div>\n\t\t\t\t<\/div>\n\t\t\t\t\t<\/div>\n\t\t<\/div>\n\t\t\t\t\t\t\t<\/div>\n\t\t<\/section>\n\t\t\t\t<section class=\"elementor-section elementor-top-section elementor-element elementor-element-13980fd8 elementor-section-full_width elementor-section-height-min-height elementor-section-items-stretch elementor-section-content-middle elementor-section-height-default\" data-id=\"13980fd8\" data-element_type=\"section\">\n\t\t\t\t\t\t<div class=\"elementor-container elementor-column-gap-no\">\n\t\t\t\t\t<div class=\"elementor-column elementor-col-50 elementor-top-column elementor-element elementor-element-2ef72884\" data-id=\"2ef72884\" data-element_type=\"column\" data-settings=\"{&quot;background_background&quot;:&quot;classic&quot;,&quot;background_motion_fx_motion_fx_scrolling&quot;:&quot;yes&quot;,&quot;background_motion_fx_translateY_effect&quot;:&quot;yes&quot;,&quot;background_motion_fx_translateY_speed&quot;:{&quot;unit&quot;:&quot;px&quot;,&quot;size&quot;:1,&quot;sizes&quot;:[]},&quot;background_motion_fx_translateY_affectedRange&quot;:{&quot;unit&quot;:&quot;%&quot;,&quot;size&quot;:&quot;&quot;,&quot;sizes&quot;:{&quot;start&quot;:0,&quot;end&quot;:100}},&quot;background_motion_fx_devices&quot;:[&quot;desktop&quot;,&quot;tablet&quot;,&quot;mobile&quot;]}\">\n\t\t\t<div class=\"elementor-widget-wrap elementor-element-populated\">\n\t\t\t\t\t\t\t\t<div class=\"elementor-element elementor-element-32405a9c elementor-widget elementor-widget-spacer\" data-id=\"32405a9c\" data-element_type=\"widget\" data-widget_type=\"spacer.default\">\n\t\t\t\t<div class=\"elementor-widget-container\">\n\t\t\t<style>\/*! elementor - v3.6.7 - 03-07-2022 *\/\n.e-container.e-container--row .elementor-spacer-inner{width:var(--spacer-size)}.e-container.e-container--column .elementor-spacer-inner,.elementor-column .elementor-spacer-inner{height:var(--spacer-size)}<\/style>\t\t<div class=\"elementor-spacer\">\n\t\t\t<div class=\"elementor-spacer-inner\"><\/div>\n\t\t<\/div>\n\t\t\t\t<\/div>\n\t\t\t\t<\/div>\n\t\t\t\t\t<\/div>\n\t\t<\/div>\n\t\t\t\t<div class=\"elementor-column elementor-col-50 elementor-top-column elementor-element elementor-element-30f327e9\" data-id=\"30f327e9\" data-element_type=\"column\" data-settings=\"{&quot;background_background&quot;:&quot;classic&quot;}\">\n\t\t\t<div class=\"elementor-widget-wrap elementor-element-populated\">\n\t\t\t\t\t\t\t\t<section class=\"elementor-section elementor-inner-section elementor-element elementor-element-20ad2454 elementor-section-boxed elementor-section-height-default elementor-section-height-default\" data-id=\"20ad2454\" data-element_type=\"section\">\n\t\t\t\t\t\t<div class=\"elementor-container elementor-column-gap-no\">\n\t\t\t\t\t<div class=\"elementor-column elementor-col-100 elementor-inner-column elementor-element elementor-element-7629833f\" data-id=\"7629833f\" data-element_type=\"column\">\n\t\t\t<div class=\"elementor-widget-wrap elementor-element-populated\">\n\t\t\t\t\t\t\t\t<div class=\"elementor-element elementor-element-7ac027d4 elementor-invisible elementor-widget elementor-widget-heading\" data-id=\"7ac027d4\" data-element_type=\"widget\" data-settings=\"{&quot;_animation&quot;:&quot;fadeIn&quot;,&quot;_animation_delay&quot;:400}\" data-widget_type=\"heading.default\">\n\t\t\t\t<div class=\"elementor-widget-container\">\n\t\t\t<style>\/*! elementor - v3.6.7 - 03-07-2022 *\/\n.elementor-heading-title{padding:0;margin:0;line-height:1}.elementor-widget-heading .elementor-heading-title[class*=elementor-size-]>a{color:inherit;font-size:inherit;line-height:inherit}.elementor-widget-heading .elementor-heading-title.elementor-size-small{font-size:15px}.elementor-widget-heading .elementor-heading-title.elementor-size-medium{font-size:19px}.elementor-widget-heading .elementor-heading-title.elementor-size-large{font-size:29px}.elementor-widget-heading .elementor-heading-title.elementor-size-xl{font-size:39px}.elementor-widget-heading .elementor-heading-title.elementor-size-xxl{font-size:59px}<\/style><h2 class=\"elementor-heading-title elementor-size-default\">Kontaktieren<br>Sie uns<\/h2>\t\t<\/div>\n\t\t\t\t<\/div>\n\t\t\t\t<div class=\"elementor-element elementor-element-4733c440 elementor-invisible elementor-widget elementor-widget-text-editor\" data-id=\"4733c440\" data-element_type=\"widget\" data-settings=\"{&quot;_animation&quot;:&quot;fadeIn&quot;,&quot;_animation_delay&quot;:600}\" data-widget_type=\"text-editor.default\">\n\t\t\t\t<div class=\"elementor-widget-container\">\n\t\t\t\t\t\t\tBei Fragen z\u00f6gern Sie nicht uns zu kontaktieren.\t\t\t\t\t\t<\/div>\n\t\t\t\t<\/div>\n\t\t\t\t<div class=\"elementor-element elementor-element-d92920b elementor-widget elementor-widget-heading\" data-id=\"d92920b\" data-element_type=\"widget\" data-widget_type=\"heading.default\">\n\t\t\t\t<div class=\"elementor-widget-container\">\n\t\t\t<h2 class=\"elementor-heading-title elementor-size-default\">Erik Vancak<\/h2>\t\t<\/div>\n\t\t\t\t<\/div>\n\t\t\t\t<div class=\"elementor-element elementor-element-410596d elementor-widget elementor-widget-heading\" data-id=\"410596d\" data-element_type=\"widget\" data-widget_type=\"heading.default\">\n\t\t\t\t<div class=\"elementor-widget-container\">\n\t\t\t<h3 class=\"elementor-heading-title elementor-size-default\">+43 676 4782242<\/h3>\t\t<\/div>\n\t\t\t\t<\/div>\n\t\t\t\t<div class=\"elementor-element elementor-element-3032e8a elementor-widget elementor-widget-heading\" data-id=\"3032e8a\" data-element_type=\"widget\" data-widget_type=\"heading.default\">\n\t\t\t\t<div class=\"elementor-widget-container\">\n\t\t\t<h3 class=\"elementor-heading-title elementor-size-default\">topevent-austria@gmx.at<\/h3>\t\t<\/div>\n\t\t\t\t<\/div>\n\t\t\t\t<div class=\"elementor-element elementor-element-f58415d elementor-invisible elementor-widget elementor-widget-text-editor\" data-id=\"f58415d\" data-element_type=\"widget\" data-settings=\"{&quot;_animation&quot;:&quot;fadeIn&quot;,&quot;_animation_delay&quot;:600}\" data-widget_type=\"text-editor.default\">\n\t\t\t\t<div class=\"elementor-widget-container\">\n\t\t\t\t\t\t\t<p>2022 \u00a9 TOPEVENT | Alle Rechte vorbehalten.<\/p>\t\t\t\t\t\t<\/div>\n\t\t\t\t<\/div>\n\t\t\t\t\t<\/div>\n\t\t<\/div>\n\t\t\t\t\t\t\t<\/div>\n\t\t<\/section>\n\t\t\t\t<div class=\"elementor-element elementor-element-59bf50d2 elementor-widget__width-auto elementor-absolute elementor-view-default elementor-widget elementor-widget-icon\" data-id=\"59bf50d2\" data-element_type=\"widget\" data-settings=\"{&quot;motion_fx_motion_fx_scrolling&quot;:&quot;yes&quot;,&quot;_position&quot;:&quot;absolute&quot;,&quot;motion_fx_devices&quot;:[&quot;desktop&quot;,&quot;tablet&quot;,&quot;mobile&quot;]}\" data-widget_type=\"icon.default\">\n\t\t\t\t<div class=\"elementor-widget-container\">\n\t\t\t\t\t<div class=\"elementor-icon-wrapper\">\n\t\t\t<div class=\"elementor-icon\">\n\t\t\t\t\t\t<\/div>\n\t\t<\/div>\n\t\t\t\t<\/div>\n\t\t\t\t<\/div>\n\t\t\t\t<div class=\"elementor-element elementor-element-690afb57 elementor-widget__width-initial elementor-widget-tablet__width-initial elementor-absolute elementor-widget-mobile__width-initial elementor-invisible elementor-widget elementor-widget-spacer\" data-id=\"690afb57\" data-element_type=\"widget\" data-settings=\"{&quot;_position&quot;:&quot;absolute&quot;,&quot;_animation&quot;:&quot;slideInRight&quot;}\" data-widget_type=\"spacer.default\">\n\t\t\t\t<div class=\"elementor-widget-container\">\n\t\t\t\t\t<div class=\"elementor-spacer\">\n\t\t\t<div class=\"elementor-spacer-inner\"><\/div>\n\t\t<\/div>\n\t\t\t\t<\/div>\n\t\t\t\t<\/div>\n\t\t\t\t<div class=\"elementor-element elementor-element-46f54cef elementor-widget__width-initial elementor-absolute elementor-widget-mobile__width-initial elementor-widget elementor-widget-spacer\" data-id=\"46f54cef\" data-element_type=\"widget\" data-settings=\"{&quot;_position&quot;:&quot;absolute&quot;}\" data-widget_type=\"spacer.default\">\n\t\t\t\t<div class=\"elementor-widget-container\">\n\t\t\t\t\t<div class=\"elementor-spacer\">\n\t\t\t<div class=\"elementor-spacer-inner\"><\/div>\n\t\t<\/div>\n\t\t\t\t<\/div>\n\t\t\t\t<\/div>\n\t\t\t\t<div class=\"elementor-element elementor-element-55926b23 elementor-widget__width-initial elementor-absolute elementor-widget-mobile__width-initial animated-slow elementor-invisible elementor-widget elementor-widget-spacer\" data-id=\"55926b23\" data-element_type=\"widget\" data-settings=\"{&quot;_position&quot;:&quot;absolute&quot;,&quot;_animation&quot;:&quot;fadeIn&quot;,&quot;_animation_delay&quot;:300}\" data-widget_type=\"spacer.default\">\n\t\t\t\t<div class=\"elementor-widget-container\">\n\t\t\t\t\t<div class=\"elementor-spacer\">\n\t\t\t<div class=\"elementor-spacer-inner\"><\/div>\n\t\t<\/div>\n\t\t\t\t<\/div>\n\t\t\t\t<\/div>\n\t\t\t\t<div class=\"elementor-element elementor-element-3ee0d9 elementor-widget__width-initial elementor-absolute elementor-widget-mobile__width-initial elementor-invisible elementor-widget elementor-widget-spacer\" data-id=\"3ee0d9\" data-element_type=\"widget\" data-settings=\"{&quot;_position&quot;:&quot;absolute&quot;,&quot;_animation&quot;:&quot;fadeIn&quot;,&quot;_animation_delay&quot;:600}\" data-widget_type=\"spacer.default\">\n\t\t\t\t<div class=\"elementor-widget-container\">\n\t\t\t\t\t<div class=\"elementor-spacer\">\n\t\t\t<div class=\"elementor-spacer-inner\"><\/div>\n\t\t<\/div>\n\t\t\t\t<\/div>\n\t\t\t\t<\/div>\n\t\t\t\t<div class=\"elementor-element elementor-element-670c6818 elementor-widget__width-initial elementor-absolute elementor-widget-mobile__width-initial animated-slow elementor-invisible elementor-widget elementor-widget-spacer\" data-id=\"670c6818\" data-element_type=\"widget\" data-settings=\"{&quot;_position&quot;:&quot;absolute&quot;,&quot;_animation&quot;:&quot;fadeIn&quot;,&quot;_animation_delay&quot;:900}\" data-widget_type=\"spacer.default\">\n\t\t\t\t<div class=\"elementor-widget-container\">\n\t\t\t\t\t<div class=\"elementor-spacer\">\n\t\t\t<div class=\"elementor-spacer-inner\"><\/div>\n\t\t<\/div>\n\t\t\t\t<\/div>\n\t\t\t\t<\/div>\n\t\t\t\t\t<\/div>\n\t\t<\/div>\n\t\t\t\t\t\t\t<\/div>\n\t\t<\/section>\n\t\t\t\t\t\t\t<\/div>\n\t\t","protected":false},"excerpt":{"rendered":"<p>Eventbeschallung, Weltraumbeschallung, Stadttagbeschallung, Firmeneventbeschallung, Marathonbeschallung, Sporteventbeschallung, Konferenzbeschallung, Sprachbeschallung, Konzertbeschallung, Au\u00dfenbeschallung, Innenbeschallung, Spielplatzbeschallung System Soundsystem der Sporthalle, Soundsystem des Festivals Soundsystem des Platzes Event-Soundsystem Soundsystem Ko\u0161ice Soundsystem Pre\u0161ov Soundsystem Michalovce Soundsystem Humenn\u00e9 Soundsystem Ostslowakei Soundsystem Slowakei Soundsystemverleih, Tontechnikerverleih, leistungsstarkes Soundsystem, professionelles Soundsystem, Tontechniker Strahler, JBL Line-Array-Lautsprecher Krone Shure Sennheiser AKG Mischpult Soundpult Vermietung von Mikrofonen Vermietung [&hellip;]<\/p>\n","protected":false},"author":1,"featured_media":248,"parent":0,"menu_order":0,"comment_status":"closed","ping_status":"closed","template":"","meta":{"_links_to":"","_links_to_target":""},"yoast_head":"<!-- This site is optimized with the Yoast SEO plugin v19.2 - https:\/\/yoast.com\/wordpress\/plugins\/seo\/ -->\n<title>TOPEVENT | Professionelle Technologie f\u00fcr Audioproduktionsdienste<\/title>\n<meta name=\"description\" content=\"Die Firma TOPEVENT bietet in der Slowakei und im Ausland professionelle Technologie f\u00fcr Dienstleistungen im Bereich der audiovisuellen Produktion.\" \/>\n<meta name=\"robots\" content=\"index, follow, max-snippet:-1, max-image-preview:large, max-video-preview:-1\" \/>\n<link rel=\"canonical\" href=\"https:\/\/topevent.sk\/de\/\" \/>\n<meta property=\"og:locale\" content=\"de_DE\" \/>\n<meta property=\"og:type\" content=\"article\" \/>\n<meta property=\"og:title\" content=\"TOPEVENT | Professionelle Technologie f\u00fcr Audioproduktionsdienste\" \/>\n<meta property=\"og:description\" content=\"Die Firma TOPEVENT bietet in der Slowakei und im Ausland professionelle Technologie f\u00fcr Dienstleistungen im Bereich der audiovisuellen Produktion.\" \/>\n<meta property=\"og:url\" content=\"https:\/\/topevent.sk\/de\/\" \/>\n<meta property=\"og:site_name\" content=\"TOPEVENT\" \/>\n<meta property=\"article:modified_time\" content=\"2024-03-15T17:50:52+00:00\" \/>\n<meta property=\"og:image\" content=\"https:\/\/topevent.sk\/wp-content\/uploads\/2022\/02\/banner1.jpg\" \/>\n\t<meta property=\"og:image:width\" content=\"1056\" \/>\n\t<meta property=\"og:image:height\" content=\"1056\" \/>\n\t<meta property=\"og:image:type\" content=\"image\/jpeg\" \/>\n<meta name=\"author\" content=\"marekhrebik\" \/>\n<meta name=\"twitter:card\" content=\"summary_large_image\" \/>\n<meta name=\"twitter:label1\" content=\"Gesch\u00e4tzte Lesezeit\" \/>\n\t<meta name=\"twitter:data1\" content=\"2 Minuten\" \/>\n<script type=\"application\/ld+json\" class=\"yoast-schema-graph\">{\"@context\":\"https:\/\/schema.org\",\"@graph\":[{\"@type\":\"WebSite\",\"@id\":\"https:\/\/topevent.sk\/#website\",\"url\":\"https:\/\/topevent.sk\/\",\"name\":\"TOPEVENT\",\"description\":\"Audiovizu\u00e1lna produkcia\",\"potentialAction\":[{\"@type\":\"SearchAction\",\"target\":{\"@type\":\"EntryPoint\",\"urlTemplate\":\"https:\/\/topevent.sk\/?s={search_term_string}\"},\"query-input\":\"required name=search_term_string\"}],\"inLanguage\":\"de-DE\"},{\"@type\":\"ImageObject\",\"inLanguage\":\"de-DE\",\"@id\":\"https:\/\/topevent.sk\/de\/#primaryimage\",\"url\":\"https:\/\/topevent.sk\/wp-content\/uploads\/2022\/02\/banner1.jpg\",\"contentUrl\":\"https:\/\/topevent.sk\/wp-content\/uploads\/2022\/02\/banner1.jpg\",\"width\":1056,\"height\":1056},{\"@type\":\"WebPage\",\"@id\":\"https:\/\/topevent.sk\/de\/#webpage\",\"url\":\"https:\/\/topevent.sk\/de\/\",\"name\":\"TOPEVENT | Professionelle Technologie f\u00fcr Audioproduktionsdienste\",\"isPartOf\":{\"@id\":\"https:\/\/topevent.sk\/#website\"},\"primaryImageOfPage\":{\"@id\":\"https:\/\/topevent.sk\/de\/#primaryimage\"},\"datePublished\":\"2022-02-21T12:08:14+00:00\",\"dateModified\":\"2024-03-15T17:50:52+00:00\",\"description\":\"Die Firma TOPEVENT bietet in der Slowakei und im Ausland professionelle Technologie f\u00fcr Dienstleistungen im Bereich der audiovisuellen Produktion.\",\"breadcrumb\":{\"@id\":\"https:\/\/topevent.sk\/de\/#breadcrumb\"},\"inLanguage\":\"de-DE\",\"potentialAction\":[{\"@type\":\"ReadAction\",\"target\":[\"https:\/\/topevent.sk\/de\/\"]}]},{\"@type\":\"BreadcrumbList\",\"@id\":\"https:\/\/topevent.sk\/de\/#breadcrumb\",\"itemListElement\":[{\"@type\":\"ListItem\",\"position\":1,\"name\":\"Domovsk\u00e1 str\u00e1nka\",\"item\":\"https:\/\/topevent.sk\/de\/\"},{\"@type\":\"ListItem\",\"position\":2,\"name\":\"TOP EVENT\"}]}]}<\/script>\n<!-- \/ Yoast SEO plugin. -->","yoast_head_json":{"title":"TOPEVENT | Professionelle Technologie f\u00fcr Audioproduktionsdienste","description":"Die Firma TOPEVENT bietet in der Slowakei und im Ausland professionelle Technologie f\u00fcr Dienstleistungen im Bereich der audiovisuellen Produktion.","robots":{"index":"index","follow":"follow","max-snippet":"max-snippet:-1","max-image-preview":"max-image-preview:large","max-video-preview":"max-video-preview:-1"},"canonical":"https:\/\/topevent.sk\/de\/","og_locale":"de_DE","og_type":"article","og_title":"TOPEVENT | Professionelle Technologie f\u00fcr Audioproduktionsdienste","og_description":"Die Firma TOPEVENT bietet in der Slowakei und im Ausland professionelle Technologie f\u00fcr Dienstleistungen im Bereich der audiovisuellen Produktion.","og_url":"https:\/\/topevent.sk\/de\/","og_site_name":"TOPEVENT","article_modified_time":"2024-03-15T17:50:52+00:00","og_image":[{"width":1056,"height":1056,"url":"https:\/\/topevent.sk\/wp-content\/uploads\/2022\/02\/banner1.jpg","type":"image\/jpeg"}],"author":"marekhrebik","twitter_card":"summary_large_image","twitter_misc":{"Gesch\u00e4tzte Lesezeit":"2 Minuten"},"schema":{"@context":"https:\/\/schema.org","@graph":[{"@type":"WebSite","@id":"https:\/\/topevent.sk\/#website","url":"https:\/\/topevent.sk\/","name":"TOPEVENT","description":"Audiovizu\u00e1lna produkcia","potentialAction":[{"@type":"SearchAction","target":{"@type":"EntryPoint","urlTemplate":"https:\/\/topevent.sk\/?s={search_term_string}"},"query-input":"required name=search_term_string"}],"inLanguage":"de-DE"},{"@type":"ImageObject","inLanguage":"de-DE","@id":"https:\/\/topevent.sk\/de\/#primaryimage","url":"https:\/\/topevent.sk\/wp-content\/uploads\/2022\/02\/banner1.jpg","contentUrl":"https:\/\/topevent.sk\/wp-content\/uploads\/2022\/02\/banner1.jpg","width":1056,"height":1056},{"@type":"WebPage","@id":"https:\/\/topevent.sk\/de\/#webpage","url":"https:\/\/topevent.sk\/de\/","name":"TOPEVENT | Professionelle Technologie f\u00fcr Audioproduktionsdienste","isPartOf":{"@id":"https:\/\/topevent.sk\/#website"},"primaryImageOfPage":{"@id":"https:\/\/topevent.sk\/de\/#primaryimage"},"datePublished":"2022-02-21T12:08:14+00:00","dateModified":"2024-03-15T17:50:52+00:00","description":"Die Firma TOPEVENT bietet in der Slowakei und im Ausland professionelle Technologie f\u00fcr Dienstleistungen im Bereich der audiovisuellen Produktion.","breadcrumb":{"@id":"https:\/\/topevent.sk\/de\/#breadcrumb"},"inLanguage":"de-DE","potentialAction":[{"@type":"ReadAction","target":["https:\/\/topevent.sk\/de\/"]}]},{"@type":"BreadcrumbList","@id":"https:\/\/topevent.sk\/de\/#breadcrumb","itemListElement":[{"@type":"ListItem","position":1,"name":"Domovsk\u00e1 str\u00e1nka","item":"https:\/\/topevent.sk\/de\/"},{"@type":"ListItem","position":2,"name":"TOP EVENT"}]}]}},"_links":{"self":[{"href":"https:\/\/topevent.sk\/de\/wp-json\/wp\/v2\/pages\/277"}],"collection":[{"href":"https:\/\/topevent.sk\/de\/wp-json\/wp\/v2\/pages"}],"about":[{"href":"https:\/\/topevent.sk\/de\/wp-json\/wp\/v2\/types\/page"}],"author":[{"embeddable":true,"href":"https:\/\/topevent.sk\/de\/wp-json\/wp\/v2\/users\/1"}],"replies":[{"embeddable":true,"href":"https:\/\/topevent.sk\/de\/wp-json\/wp\/v2\/comments?post=277"}],"version-history":[{"count":8,"href":"https:\/\/topevent.sk\/de\/wp-json\/wp\/v2\/pages\/277\/revisions"}],"predecessor-version":[{"id":328,"href":"https:\/\/topevent.sk\/de\/wp-json\/wp\/v2\/pages\/277\/revisions\/328"}],"wp:featuredmedia":[{"embeddable":true,"href":"https:\/\/topevent.sk\/de\/wp-json\/wp\/v2\/media\/248"}],"wp:attachment":[{"href":"https:\/\/topevent.sk\/de\/wp-json\/wp\/v2\/media?parent=277"}],"curies":[{"name":"wp","href":"https:\/\/api.w.org\/{rel}","templated":true}]}}